{"id":2611,"date":"2023-12-29T12:49:54","date_gmt":"2023-12-29T11:49:54","guid":{"rendered":"https:\/\/www.foodroom.es\/pongase-en-contacto-con\/"},"modified":"2024-04-03T14:14:24","modified_gmt":"2024-04-03T12:14:24","slug":"pongase-en-contacto-con","status":"publish","type":"page","link":"https:\/\/www.foodroom.es\/es\/pongase-en-contacto-con\/","title":{"rendered":"Cont\u00e1ctame"},"content":{"rendered":"<style>.elementor-2611 .elementor-element.elementor-element-20d3e51d > .elementor-container{max-width:1280px;}.elementor-2611 .elementor-element.elementor-element-20d3e51d:not(.elementor-motion-effects-element-type-background), .elementor-2611 .elementor-element.elementor-element-20d3e51d > .elementor-motion-effects-container > .elementor-motion-effects-layer{background-image:url(\"https:\/\/www.foodroom.es\/wp-content\/uploads\/2023\/12\/17493211_968811133256310_4497354267478224034_o-1.jpg\");background-position:center center;background-repeat:no-repeat;background-size:cover;}.elementor-2611 .elementor-element.elementor-element-20d3e51d > .elementor-background-overlay{background-color:#151515;opacity:0.48;transition:background 0.3s, border-radius 0.3s, opacity 0.3s;}.elementor-2611 .elementor-element.elementor-element-20d3e51d{transition:background 0.3s, border 0.3s, border-radius 0.3s, box-shadow 0.3s;padding:190px 0px 190px 0px;}.elementor-2611 .elementor-element.elementor-element-3a2dc592{text-align:center;}.elementor-2611 .elementor-element.elementor-element-3a2dc592 .elementor-heading-title{font-family:\"Satisfy\", Sans-serif;font-size:56px;font-weight:400;color:#FFFFFF;}.elementor-2611 .elementor-element.elementor-element-29c61df5{text-align:center;}.elementor-2611 .elementor-element.elementor-element-29c61df5 .elementor-heading-title{font-size:55px;text-transform:uppercase;color:#FFFFFF;}.elementor-2611 .elementor-element.elementor-element-6e51085b{padding:100px 0px 0px 0px;}.elementor-2611 .elementor-element.elementor-element-4bec3f5f > .elementor-container{max-width:917px;}.elementor-2611 .elementor-element.elementor-element-4bec3f5f{padding:0px 0px 50px 0px;}.elementor-bc-flex-widget .elementor-2611 .elementor-element.elementor-element-b2238fc.elementor-column .elementor-widget-wrap{align-items:center;}.elementor-2611 .elementor-element.elementor-element-b2238fc.elementor-column.elementor-element[data-element_type=\"column\"] > .elementor-widget-wrap.elementor-element-populated{align-content:center;align-items:center;}.elementor-2611 .elementor-element.elementor-element-f7aa4ab{text-align:center;font-family:var( --e-global-typography-text-font-family ), Sans-serif;font-size:var( --e-global-typography-text-font-size );font-weight:var( --e-global-typography-text-font-weight );text-transform:var( --e-global-typography-text-text-transform );font-style:var( --e-global-typography-text-font-style );text-decoration:var( --e-global-typography-text-text-decoration );line-height:var( --e-global-typography-text-line-height );letter-spacing:var( --e-global-typography-text-letter-spacing );}.elementor-2611 .elementor-element.elementor-element-19f3ebbd > .elementor-container{max-width:1280px;}.elementor-2611 .elementor-element.elementor-element-19f3ebbd{padding:0px 0px 44px 0px;}.elementor-2611 .elementor-element.elementor-element-25dbabad > .elementor-widget-wrap > .elementor-widget:not(.elementor-widget__width-auto):not(.elementor-widget__width-initial):not(:last-child):not(.elementor-absolute){--kit-widget-spacing:14px;}.elementor-2611 .elementor-element.elementor-element-3ee6561c{text-align:center;}.elementor-2611 .elementor-element.elementor-element-3ee6561c .elementor-heading-title{font-family:\"Satisfy\", Sans-serif;font-size:37px;font-weight:400;line-height:1.3em;color:var( --e-global-color-primary );}.elementor-2611 .elementor-element.elementor-element-704d79e2{text-align:center;}.elementor-2611 .elementor-element.elementor-element-704d79e2 .elementor-heading-title{font-family:\"Josefin Sans\", Sans-serif;font-size:2em;font-weight:400;text-transform:uppercase;}.elementor-2611 .elementor-element.elementor-element-110faf49 > .elementor-container{max-width:1280px;}.elementor-2611 .elementor-element.elementor-element-110faf49 > .elementor-background-overlay{background-color:#CFCFCF;opacity:0.5;}.elementor-2611 .elementor-element.elementor-element-110faf49{box-shadow:0px 0px 10px 0px rgba(0,0,0,0.5);}.elementor-2611 .elementor-element.elementor-element-8f3c961 .elementor-icon-wrapper{text-align:center;}.elementor-2611 .elementor-element.elementor-element-41312ecb{text-align:center;}.elementor-2611 .elementor-element.elementor-element-41312ecb .elementor-heading-title{font-family:\"Josefin Sans\", Sans-serif;font-size:2em;font-weight:400;}.elementor-2611 .elementor-element.elementor-element-7014ae92{text-align:center;font-family:\"Quicksand\", Sans-serif;font-size:25px;font-weight:600;}.elementor-2611 .elementor-element.elementor-element-81c8ece .elementor-icon-wrapper{text-align:center;}.elementor-2611 .elementor-element.elementor-element-79ec8b7{text-align:center;}.elementor-2611 .elementor-element.elementor-element-79ec8b7 .elementor-heading-title{font-family:\"Josefin Sans\", Sans-serif;font-size:2em;font-weight:400;}.elementor-2611 .elementor-element.elementor-element-46bef4f4{text-align:center;font-family:\"Quicksand\", Sans-serif;font-size:25px;font-weight:600;color:#000000;}.elementor-2611 .elementor-element.elementor-element-6e3b308c{--spacer-size:80px;}@media(max-width:1024px){.elementor-2611 .elementor-element.elementor-element-20d3e51d{padding:120px 0px 120px 0px;}.elementor-2611 .elementor-element.elementor-element-29c61df5 .elementor-heading-title{font-size:60px;}.elementor-2611 .elementor-element.elementor-element-f7aa4ab{font-size:var( --e-global-typography-text-font-size );line-height:var( --e-global-typography-text-line-height );letter-spacing:var( --e-global-typography-text-letter-spacing );}}@media(max-width:767px){.elementor-2611 .elementor-element.elementor-element-20d3e51d{padding:80px 0px 80px 0px;}.elementor-2611 .elementor-element.elementor-element-3a2dc592 .elementor-heading-title{font-size:32px;}.elementor-2611 .elementor-element.elementor-element-29c61df5 .elementor-heading-title{font-size:40px;}.elementor-2611 .elementor-element.elementor-element-f7aa4ab{font-size:var( --e-global-typography-text-font-size );line-height:var( --e-global-typography-text-line-height );letter-spacing:var( --e-global-typography-text-letter-spacing );}}<\/style>\t\t<div data-elementor-type=\"wp-page\" data-elementor-id=\"2611\" class=\"elementor elementor-2611 elementor-1431\" data-elementor-post-type=\"page\">\n\t\t\t\t\t\t<section class=\"elementor-section elementor-top-section elementor-element elementor-element-20d3e51d elementor-section-height-min-height elementor-section-boxed elementor-section-height-default elementor-section-items-middle\" data-id=\"20d3e51d\" data-element_type=\"section\" data-e-type=\"section\" data-settings=\"{&quot;background_background&quot;:&quot;classic&quot;}\">\n\t\t\t\t\t\t\t<div class=\"elementor-background-overlay\"><\/div>\n\t\t\t\t\t\t\t<div class=\"elementor-container elementor-column-gap-default\">\n\t\t\t\t\t<div class=\"elementor-column elementor-col-100 elementor-top-column elementor-element elementor-element-7dc090ae\" data-id=\"7dc090ae\" data-element_type=\"column\" data-e-type=\"column\">\n\t\t\t<div class=\"elementor-widget-wrap elementor-element-populated\">\n\t\t\t\t\t\t<section class=\"elementor-section elementor-inner-section elementor-element elementor-element-7598eb3b elementor-section-boxed elementor-section-height-default elementor-section-height-default\" data-id=\"7598eb3b\" data-element_type=\"section\" data-e-type=\"section\">\n\t\t\t\t\t\t<div class=\"elementor-container elementor-column-gap-default\">\n\t\t\t\t\t<div class=\"elementor-column elementor-col-100 elementor-inner-column elementor-element elementor-element-359d3564\" data-id=\"359d3564\" data-element_type=\"column\" data-e-type=\"column\">\n\t\t\t<div class=\"elementor-widget-wrap elementor-element-populated\">\n\t\t\t\t\t\t<div class=\"elementor-element elementor-element-3a2dc592 elementor-widget elementor-widget-heading\" data-id=\"3a2dc592\" data-element_type=\"widget\" data-e-type=\"widget\" data-widget_type=\"heading.default\">\n\t\t\t\t\t<h3 class=\"elementor-heading-title elementor-size-default\">P\u00f3nte en contacto con Mariola<\/h3>\t\t\t\t<\/div>\n\t\t\t\t<div class=\"elementor-element elementor-element-29c61df5 elementor-widget elementor-widget-heading\" data-id=\"29c61df5\" data-element_type=\"widget\" data-e-type=\"widget\" data-widget_type=\"heading.default\">\n\t\t\t\t\t<h1 class=\"elementor-heading-title elementor-size-default\">Tu viaje culinario comienza aqu\u00ed<\/h1>\t\t\t\t<\/div>\n\t\t\t\t\t<\/div>\n\t\t<\/div>\n\t\t\t\t\t<\/div>\n\t\t<\/section>\n\t\t\t\t\t<\/div>\n\t\t<\/div>\n\t\t\t\t\t<\/div>\n\t\t<\/section>\n\t\t\t\t<section class=\"elementor-section elementor-top-section elementor-element elementor-element-6e51085b elementor-section-boxed elementor-section-height-default elementor-section-height-default\" data-id=\"6e51085b\" data-element_type=\"section\" data-e-type=\"section\">\n\t\t\t\t\t\t<div class=\"elementor-container elementor-column-gap-default\">\n\t\t\t\t\t<div class=\"elementor-column elementor-col-100 elementor-top-column elementor-element elementor-element-3fb2a5ad\" data-id=\"3fb2a5ad\" data-element_type=\"column\" data-e-type=\"column\">\n\t\t\t<div class=\"elementor-widget-wrap elementor-element-populated\">\n\t\t\t\t\t\t<section class=\"elementor-section elementor-inner-section elementor-element elementor-element-4bec3f5f elementor-section-boxed elementor-section-height-default elementor-section-height-default\" data-id=\"4bec3f5f\" data-element_type=\"section\" data-e-type=\"section\">\n\t\t\t\t\t\t<div class=\"elementor-container elementor-column-gap-default\">\n\t\t\t\t\t<div class=\"elementor-column elementor-col-50 elementor-inner-column elementor-element elementor-element-5d899e47\" data-id=\"5d899e47\" data-element_type=\"column\" data-e-type=\"column\">\n\t\t\t<div class=\"elementor-widget-wrap elementor-element-populated\">\n\t\t\t\t\t\t<div class=\"elementor-element elementor-element-ec1ed78 elementor-widget elementor-widget-image\" data-id=\"ec1ed78\" data-element_type=\"widget\" data-e-type=\"widget\" data-widget_type=\"image.default\">\n\t\t\t\t\t\t\t\t\t\t\t\t\t\t\t<img fetchpriority=\"high\" decoding=\"async\" width=\"800\" height=\"1000\" src=\"https:\/\/www.foodroom.es\/wp-content\/uploads\/2023\/12\/69421171_1612623788875038_8291847197184491520_n-819x1024.jpg\" class=\"attachment-large size-large wp-image-1302\" alt=\"contact-catering-marbella-food-room-mariola\" srcset=\"https:\/\/www.foodroom.es\/wp-content\/uploads\/2023\/12\/69421171_1612623788875038_8291847197184491520_n-819x1024.jpg 819w, https:\/\/www.foodroom.es\/wp-content\/uploads\/2023\/12\/69421171_1612623788875038_8291847197184491520_n-240x300.jpg 240w, https:\/\/www.foodroom.es\/wp-content\/uploads\/2023\/12\/69421171_1612623788875038_8291847197184491520_n-768x960.jpg 768w, https:\/\/www.foodroom.es\/wp-content\/uploads\/2023\/12\/69421171_1612623788875038_8291847197184491520_n-1229x1536.jpg 1229w, https:\/\/www.foodroom.es\/wp-content\/uploads\/2023\/12\/69421171_1612623788875038_8291847197184491520_n-600x750.jpg 600w, https:\/\/www.foodroom.es\/wp-content\/uploads\/2023\/12\/69421171_1612623788875038_8291847197184491520_n.jpg 1440w\" sizes=\"(max-width: 800px) 100vw, 800px\" \/>\t\t\t\t\t\t\t\t\t\t\t\t\t\t\t<\/div>\n\t\t\t\t\t<\/div>\n\t\t<\/div>\n\t\t\t\t<div class=\"elementor-column elementor-col-50 elementor-inner-column elementor-element elementor-element-b2238fc\" data-id=\"b2238fc\" data-element_type=\"column\" data-e-type=\"column\">\n\t\t\t<div class=\"elementor-widget-wrap elementor-element-populated\">\n\t\t\t\t\t\t<div class=\"elementor-element elementor-element-f7aa4ab elementor-widget elementor-widget-text-editor\" data-id=\"f7aa4ab\" data-element_type=\"widget\" data-e-type=\"widget\" data-widget_type=\"text-editor.default\">\n\t\t\t\t\t\t\t\t\t<h2>\u00a1Hola! Soy Mariola Ustaran, la cara detr\u00e1s de Food Room. <\/h2>\n<p>Tanto si tienes una pregunta candente sobre nuestros servicios de catering, como si deseas reservar un evento privado en nuestro encantador local o est\u00e1s deseando apuntarte a nuestras clases de cocina, estoy aqu\u00ed para atenderte personalmente. <\/p>\n<p>Tu viaje culinario comienza con un simple \u00ab\u00a1Hola!<\/p>\n\t\t\t\t\t\t\t\t<\/div>\n\t\t\t\t\t<\/div>\n\t\t<\/div>\n\t\t\t\t\t<\/div>\n\t\t<\/section>\n\t\t\t\t<section class=\"elementor-section elementor-inner-section elementor-element elementor-element-19f3ebbd elementor-section-boxed elementor-section-height-default elementor-section-height-default\" data-id=\"19f3ebbd\" data-element_type=\"section\" data-e-type=\"section\">\n\t\t\t\t\t\t<div class=\"elementor-container elementor-column-gap-default\">\n\t\t\t\t\t<div class=\"elementor-column elementor-col-100 elementor-inner-column elementor-element elementor-element-25dbabad\" data-id=\"25dbabad\" data-element_type=\"column\" data-e-type=\"column\">\n\t\t\t<div class=\"elementor-widget-wrap elementor-element-populated\">\n\t\t\t\t\t\t<div class=\"elementor-element elementor-element-3ee6561c elementor-widget elementor-widget-heading\" data-id=\"3ee6561c\" data-element_type=\"widget\" data-e-type=\"widget\" data-widget_type=\"heading.default\">\n\t\t\t\t\t<h3 class=\"elementor-heading-title elementor-size-default\">\u00bfNecesitas que te echemos una mano con tu pr\u00f3ximo evento?<\/h3>\t\t\t\t<\/div>\n\t\t\t\t<div class=\"elementor-element elementor-element-704d79e2 elementor-widget elementor-widget-heading\" data-id=\"704d79e2\" data-element_type=\"widget\" data-e-type=\"widget\" data-widget_type=\"heading.default\">\n\t\t\t\t\t<h2 class=\"elementor-heading-title elementor-size-default\">A continuaci\u00f3n te indicamos c\u00f3mo ponerte en contacto<\/h2>\t\t\t\t<\/div>\n\t\t\t\t\t<\/div>\n\t\t<\/div>\n\t\t\t\t\t<\/div>\n\t\t<\/section>\n\t\t\t\t<section class=\"elementor-section elementor-inner-section elementor-element elementor-element-110faf49 elementor-section-boxed elementor-section-height-default elementor-section-height-default\" data-id=\"110faf49\" data-element_type=\"section\" data-e-type=\"section\">\n\t\t\t\t\t\t\t<div class=\"elementor-background-overlay\"><\/div>\n\t\t\t\t\t\t\t<div class=\"elementor-container elementor-column-gap-default\">\n\t\t\t\t\t<div class=\"elementor-column elementor-col-50 elementor-inner-column elementor-element elementor-element-65f33a5\" data-id=\"65f33a5\" data-element_type=\"column\" data-e-type=\"column\">\n\t\t\t<div class=\"elementor-widget-wrap elementor-element-populated\">\n\t\t\t\t\t\t<div class=\"elementor-element elementor-element-8f3c961 elementor-view-default elementor-widget elementor-widget-icon\" data-id=\"8f3c961\" data-element_type=\"widget\" data-e-type=\"widget\" data-widget_type=\"icon.default\">\n\t\t\t\t\t\t\t<div class=\"elementor-icon-wrapper\">\n\t\t\t<div class=\"elementor-icon\">\n\t\t\t<i aria-hidden=\"true\" class=\"jki jki-mail-line\"><\/i>\t\t\t<\/div>\n\t\t<\/div>\n\t\t\t\t\t\t<\/div>\n\t\t\t\t<div class=\"elementor-element elementor-element-41312ecb elementor-widget elementor-widget-heading\" data-id=\"41312ecb\" data-element_type=\"widget\" data-e-type=\"widget\" data-widget_type=\"heading.default\">\n\t\t\t\t\t<h5 class=\"elementor-heading-title elementor-size-default\">Env\u00edanos un correo electr\u00f3nico<\/h5>\t\t\t\t<\/div>\n\t\t\t\t<div class=\"elementor-element elementor-element-7014ae92 elementor-widget elementor-widget-text-editor\" data-id=\"7014ae92\" data-element_type=\"widget\" data-e-type=\"widget\" data-widget_type=\"text-editor.default\">\n\t\t\t\t\t\t\t\t\t<p><a href=\"mailto:info@foodroom.es\">info@foodroom.es<\/a><\/p>\n\t\t\t\t\t\t\t\t<\/div>\n\t\t\t\t\t<\/div>\n\t\t<\/div>\n\t\t\t\t<div class=\"elementor-column elementor-col-50 elementor-inner-column elementor-element elementor-element-10543956\" data-id=\"10543956\" data-element_type=\"column\" data-e-type=\"column\">\n\t\t\t<div class=\"elementor-widget-wrap elementor-element-populated\">\n\t\t\t\t\t\t<div class=\"elementor-element elementor-element-81c8ece elementor-view-default elementor-widget elementor-widget-icon\" data-id=\"81c8ece\" data-element_type=\"widget\" data-e-type=\"widget\" data-widget_type=\"icon.default\">\n\t\t\t\t\t\t\t<div class=\"elementor-icon-wrapper\">\n\t\t\t<div class=\"elementor-icon\">\n\t\t\t<i aria-hidden=\"true\" class=\"jki jki-phone-call-line\"><\/i>\t\t\t<\/div>\n\t\t<\/div>\n\t\t\t\t\t\t<\/div>\n\t\t\t\t<div class=\"elementor-element elementor-element-79ec8b7 elementor-widget elementor-widget-heading\" data-id=\"79ec8b7\" data-element_type=\"widget\" data-e-type=\"widget\" data-widget_type=\"heading.default\">\n\t\t\t\t\t<h5 class=\"elementor-heading-title elementor-size-default\">Ll\u00e1manos<\/h5>\t\t\t\t<\/div>\n\t\t\t\t<div class=\"elementor-element elementor-element-46bef4f4 elementor-widget elementor-widget-text-editor\" data-id=\"46bef4f4\" data-element_type=\"widget\" data-e-type=\"widget\" data-widget_type=\"text-editor.default\">\n\t\t\t\t\t\t\t\t\t\n<a href=\"tel:+34952636791\">+34 952 63 67 91<\/a>\t\t\t\t\t\t\t\t<\/div>\n\t\t\t\t\t<\/div>\n\t\t<\/div>\n\t\t\t\t\t<\/div>\n\t\t<\/section>\n\t\t\t\t<div class=\"elementor-element elementor-element-6e3b308c elementor-widget elementor-widget-spacer\" data-id=\"6e3b308c\" data-element_type=\"widget\" data-e-type=\"widget\" data-widget_type=\"spacer.default\">\n\t\t\t\t\t\t\t<div class=\"elementor-spacer\">\n\t\t\t<div class=\"elementor-spacer-inner\"><\/div>\n\t\t<\/div>\n\t\t\t\t\t\t<\/div>\n\t\t\t\t\t<\/div>\n\t\t<\/div>\n\t\t\t\t\t<\/div>\n\t\t<\/section>\n\t\t\t\t<\/div>\n\t\t","protected":false},"excerpt":{"rendered":"<p>P\u00f3nte en contacto con Mariola Tu viaje culinario comienza aqu\u00ed \u00a1Hola! Soy Mariola Ustaran, la cara detr\u00e1s de Food Room. Tanto si tienes una pregunta candente sobre nuestros servicios de catering, como si deseas reservar un evento privado en nuestro encantador local o est\u00e1s deseando apuntarte a nuestras clases de cocina, estoy aqu\u00ed para atenderte [&hellip;]<\/p>\n","protected":false},"author":1,"featured_media":0,"parent":0,"menu_order":16,"comment_status":"closed","ping_status":"closed","template":"elementor_header_footer","meta":{"footnotes":""},"class_list":["post-2611","page","type-page","status-publish","hentry"],"yoast_head":"<!-- This site is optimized with the Yoast SEO plugin v27.4 - https:\/\/yoast.com\/product\/yoast-seo-wordpress\/ -->\n<title>Cont\u00e1ctame - FOOD ROOM<\/title>\n<meta name=\"robots\" content=\"index, follow, max-snippet:-1, max-image-preview:large, max-video-preview:-1\" \/>\n<link rel=\"canonical\" href=\"https:\/\/www.foodroom.es\/es\/?page_id=2611\" \/>\n<meta property=\"og:locale\" content=\"es_ES\" \/>\n<meta property=\"og:type\" content=\"article\" \/>\n<meta property=\"og:title\" content=\"Cont\u00e1ctame - FOOD ROOM\" \/>\n<meta property=\"og:description\" content=\"P\u00f3nte en contacto con Mariola Tu viaje culinario comienza aqu\u00ed \u00a1Hola! Soy Mariola Ustaran, la cara detr\u00e1s de Food Room. Tanto si tienes una pregunta candente sobre nuestros servicios de catering, como si deseas reservar un evento privado en nuestro encantador local o est\u00e1s deseando apuntarte a nuestras clases de cocina, estoy aqu\u00ed para atenderte [&hellip;]\" \/>\n<meta property=\"og:url\" content=\"https:\/\/www.foodroom.es\/es\/?page_id=2611\" \/>\n<meta property=\"og:site_name\" content=\"FOOD ROOM\" \/>\n<meta property=\"article:modified_time\" content=\"2024-04-03T12:14:24+00:00\" \/>\n<meta property=\"og:image\" content=\"https:\/\/www.foodroom.es\/wp-content\/uploads\/2023\/12\/69421171_1612623788875038_8291847197184491520_n-819x1024.jpg\" \/>\n<meta name=\"twitter:card\" content=\"summary_large_image\" \/>\n<script type=\"application\/ld+json\" class=\"yoast-schema-graph\">{\"@context\":\"https:\\\/\\\/schema.org\",\"@graph\":[{\"@type\":\"WebPage\",\"@id\":\"https:\\\/\\\/www.foodroom.es\\\/es\\\/?page_id=2611\",\"url\":\"https:\\\/\\\/www.foodroom.es\\\/es\\\/?page_id=2611\",\"name\":\"Cont\u00e1ctame - FOOD ROOM\",\"isPartOf\":{\"@id\":\"https:\\\/\\\/www.foodroom.es\\\/#website\"},\"primaryImageOfPage\":{\"@id\":\"https:\\\/\\\/www.foodroom.es\\\/es\\\/?page_id=2611#primaryimage\"},\"image\":{\"@id\":\"https:\\\/\\\/www.foodroom.es\\\/es\\\/?page_id=2611#primaryimage\"},\"thumbnailUrl\":\"https:\\\/\\\/www.foodroom.es\\\/wp-content\\\/uploads\\\/2023\\\/12\\\/69421171_1612623788875038_8291847197184491520_n-819x1024.jpg\",\"datePublished\":\"2023-12-29T11:49:54+00:00\",\"dateModified\":\"2024-04-03T12:14:24+00:00\",\"breadcrumb\":{\"@id\":\"https:\\\/\\\/www.foodroom.es\\\/es\\\/?page_id=2611#breadcrumb\"},\"inLanguage\":\"es\",\"potentialAction\":[{\"@type\":\"ReadAction\",\"target\":[\"https:\\\/\\\/www.foodroom.es\\\/es\\\/?page_id=2611\"]}]},{\"@type\":\"ImageObject\",\"inLanguage\":\"es\",\"@id\":\"https:\\\/\\\/www.foodroom.es\\\/es\\\/?page_id=2611#primaryimage\",\"url\":\"https:\\\/\\\/www.foodroom.es\\\/wp-content\\\/uploads\\\/2023\\\/12\\\/69421171_1612623788875038_8291847197184491520_n-819x1024.jpg\",\"contentUrl\":\"https:\\\/\\\/www.foodroom.es\\\/wp-content\\\/uploads\\\/2023\\\/12\\\/69421171_1612623788875038_8291847197184491520_n-819x1024.jpg\"},{\"@type\":\"BreadcrumbList\",\"@id\":\"https:\\\/\\\/www.foodroom.es\\\/es\\\/?page_id=2611#breadcrumb\",\"itemListElement\":[{\"@type\":\"ListItem\",\"position\":1,\"name\":\"Home\",\"item\":\"https:\\\/\\\/www.foodroom.es\\\/\"},{\"@type\":\"ListItem\",\"position\":2,\"name\":\"Cont\u00e1ctame\"}]},{\"@type\":\"WebSite\",\"@id\":\"https:\\\/\\\/www.foodroom.es\\\/#website\",\"url\":\"https:\\\/\\\/www.foodroom.es\\\/\",\"name\":\"FOOD ROOM\",\"description\":\"Private and Corporate Catering Services, Private Chef and Cooking Workshops in Marbella\",\"publisher\":{\"@id\":\"https:\\\/\\\/www.foodroom.es\\\/#organization\"},\"potentialAction\":[{\"@type\":\"SearchAction\",\"target\":{\"@type\":\"EntryPoint\",\"urlTemplate\":\"https:\\\/\\\/www.foodroom.es\\\/?s={search_term_string}\"},\"query-input\":{\"@type\":\"PropertyValueSpecification\",\"valueRequired\":true,\"valueName\":\"search_term_string\"}}],\"inLanguage\":\"es\"},{\"@type\":\"Organization\",\"@id\":\"https:\\\/\\\/www.foodroom.es\\\/#organization\",\"name\":\"FOOD ROOM\",\"url\":\"https:\\\/\\\/www.foodroom.es\\\/\",\"logo\":{\"@type\":\"ImageObject\",\"inLanguage\":\"es\",\"@id\":\"https:\\\/\\\/www.foodroom.es\\\/#\\\/schema\\\/logo\\\/image\\\/\",\"url\":\"https:\\\/\\\/www.foodroom.es\\\/wp-content\\\/uploads\\\/2023\\\/10\\\/FoodRoom-1.png\",\"contentUrl\":\"https:\\\/\\\/www.foodroom.es\\\/wp-content\\\/uploads\\\/2023\\\/10\\\/FoodRoom-1.png\",\"width\":922,\"height\":476,\"caption\":\"FOOD ROOM\"},\"image\":{\"@id\":\"https:\\\/\\\/www.foodroom.es\\\/#\\\/schema\\\/logo\\\/image\\\/\"}}]}<\/script>\n<!-- \/ Yoast SEO plugin. -->","yoast_head_json":{"title":"Cont\u00e1ctame - FOOD ROOM","robots":{"index":"index","follow":"follow","max-snippet":"max-snippet:-1","max-image-preview":"max-image-preview:large","max-video-preview":"max-video-preview:-1"},"canonical":"https:\/\/www.foodroom.es\/es\/?page_id=2611","og_locale":"es_ES","og_type":"article","og_title":"Cont\u00e1ctame - FOOD ROOM","og_description":"P\u00f3nte en contacto con Mariola Tu viaje culinario comienza aqu\u00ed \u00a1Hola! Soy Mariola Ustaran, la cara detr\u00e1s de Food Room. Tanto si tienes una pregunta candente sobre nuestros servicios de catering, como si deseas reservar un evento privado en nuestro encantador local o est\u00e1s deseando apuntarte a nuestras clases de cocina, estoy aqu\u00ed para atenderte [&hellip;]","og_url":"https:\/\/www.foodroom.es\/es\/?page_id=2611","og_site_name":"FOOD ROOM","article_modified_time":"2024-04-03T12:14:24+00:00","og_image":[{"url":"https:\/\/www.foodroom.es\/wp-content\/uploads\/2023\/12\/69421171_1612623788875038_8291847197184491520_n-819x1024.jpg","type":"","width":"","height":""}],"twitter_card":"summary_large_image","schema":{"@context":"https:\/\/schema.org","@graph":[{"@type":"WebPage","@id":"https:\/\/www.foodroom.es\/es\/?page_id=2611","url":"https:\/\/www.foodroom.es\/es\/?page_id=2611","name":"Cont\u00e1ctame - FOOD ROOM","isPartOf":{"@id":"https:\/\/www.foodroom.es\/#website"},"primaryImageOfPage":{"@id":"https:\/\/www.foodroom.es\/es\/?page_id=2611#primaryimage"},"image":{"@id":"https:\/\/www.foodroom.es\/es\/?page_id=2611#primaryimage"},"thumbnailUrl":"https:\/\/www.foodroom.es\/wp-content\/uploads\/2023\/12\/69421171_1612623788875038_8291847197184491520_n-819x1024.jpg","datePublished":"2023-12-29T11:49:54+00:00","dateModified":"2024-04-03T12:14:24+00:00","breadcrumb":{"@id":"https:\/\/www.foodroom.es\/es\/?page_id=2611#breadcrumb"},"inLanguage":"es","potentialAction":[{"@type":"ReadAction","target":["https:\/\/www.foodroom.es\/es\/?page_id=2611"]}]},{"@type":"ImageObject","inLanguage":"es","@id":"https:\/\/www.foodroom.es\/es\/?page_id=2611#primaryimage","url":"https:\/\/www.foodroom.es\/wp-content\/uploads\/2023\/12\/69421171_1612623788875038_8291847197184491520_n-819x1024.jpg","contentUrl":"https:\/\/www.foodroom.es\/wp-content\/uploads\/2023\/12\/69421171_1612623788875038_8291847197184491520_n-819x1024.jpg"},{"@type":"BreadcrumbList","@id":"https:\/\/www.foodroom.es\/es\/?page_id=2611#breadcrumb","itemListElement":[{"@type":"ListItem","position":1,"name":"Home","item":"https:\/\/www.foodroom.es\/"},{"@type":"ListItem","position":2,"name":"Cont\u00e1ctame"}]},{"@type":"WebSite","@id":"https:\/\/www.foodroom.es\/#website","url":"https:\/\/www.foodroom.es\/","name":"FOOD ROOM","description":"Private and Corporate Catering Services, Private Chef and Cooking Workshops in Marbella","publisher":{"@id":"https:\/\/www.foodroom.es\/#organization"},"potentialAction":[{"@type":"SearchAction","target":{"@type":"EntryPoint","urlTemplate":"https:\/\/www.foodroom.es\/?s={search_term_string}"},"query-input":{"@type":"PropertyValueSpecification","valueRequired":true,"valueName":"search_term_string"}}],"inLanguage":"es"},{"@type":"Organization","@id":"https:\/\/www.foodroom.es\/#organization","name":"FOOD ROOM","url":"https:\/\/www.foodroom.es\/","logo":{"@type":"ImageObject","inLanguage":"es","@id":"https:\/\/www.foodroom.es\/#\/schema\/logo\/image\/","url":"https:\/\/www.foodroom.es\/wp-content\/uploads\/2023\/10\/FoodRoom-1.png","contentUrl":"https:\/\/www.foodroom.es\/wp-content\/uploads\/2023\/10\/FoodRoom-1.png","width":922,"height":476,"caption":"FOOD ROOM"},"image":{"@id":"https:\/\/www.foodroom.es\/#\/schema\/logo\/image\/"}}]}},"jetpack_sharing_enabled":true,"_links":{"self":[{"href":"https:\/\/www.foodroom.es\/es\/wp-json\/wp\/v2\/pages\/2611","targetHints":{"allow":["GET"]}}],"collection":[{"href":"https:\/\/www.foodroom.es\/es\/wp-json\/wp\/v2\/pages"}],"about":[{"href":"https:\/\/www.foodroom.es\/es\/wp-json\/wp\/v2\/types\/page"}],"author":[{"embeddable":true,"href":"https:\/\/www.foodroom.es\/es\/wp-json\/wp\/v2\/users\/1"}],"replies":[{"embeddable":true,"href":"https:\/\/www.foodroom.es\/es\/wp-json\/wp\/v2\/comments?post=2611"}],"version-history":[{"count":0,"href":"https:\/\/www.foodroom.es\/es\/wp-json\/wp\/v2\/pages\/2611\/revisions"}],"wp:attachment":[{"href":"https:\/\/www.foodroom.es\/es\/wp-json\/wp\/v2\/media?parent=2611"}],"curies":[{"name":"wp","href":"https:\/\/api.w.org\/{rel}","templated":true}]}}