{"id":4042,"date":"2025-04-24T18:29:02","date_gmt":"2025-04-24T16:29:02","guid":{"rendered":"https:\/\/www.foodroom.es\/taller-de-cocina-a-medida\/"},"modified":"2025-04-24T18:34:42","modified_gmt":"2025-04-24T16:34:42","slug":"taller-de-cocina-a-medida","status":"publish","type":"product","link":"https:\/\/www.foodroom.es\/es\/producto\/taller-de-cocina-a-medida\/","title":{"rendered":"Taller de cocina a medida"},"content":{"rendered":"<h3><strong>Dise\u00f1a tu propia experiencia culinaria<\/strong><\/h3>\n<p class=\"\" data-start=\"213\" data-end=\"266\"><strong data-start=\"213\" data-end=\"223\">Precio:<\/strong> A cotizar (No se requiere pago por adelantado)<\/p>\n<p class=\"\" data-start=\"268\" data-end=\"526\">\u00bfQuieres una experiencia culinaria personalizada para tu familia, amigos o colegas? Nuestro <strong data-start=\"352\" data-end=\"379\">Taller de Cocina Personalizado<\/strong> te permite dise\u00f1ar una sesi\u00f3n culinaria \u00fanica a la medida de tu grupo. Elige el tema, selecciona el men\u00fa, \u00a1y deja que nosotros nos encarguemos de todo lo dem\u00e1s!<\/p>\n<p class=\"\" data-start=\"528\" data-end=\"545\"><strong data-start=\"528\" data-end=\"545\">C\u00f3mo funciona:<\/strong><\/p>\n<ol data-start=\"547\" data-end=\"1249\">\n<li class=\"\" data-start=\"547\" data-end=\"714\">\n<p class=\"\" data-start=\"550\" data-end=\"714\"><strong data-start=\"550\" data-end=\"574\">Env\u00eda tu solicitud:<\/strong> Haz clic en \u00abA\u00f1adir a la cesta\u00bb y env\u00eda tu solicitud de taller de cocina privado. Ind\u00edcanos tus preferencias, el tama\u00f1o del grupo y cualquier petici\u00f3n especial.<\/p>\n<\/li>\n<li class=\"\" data-start=\"719\" data-end=\"925\">\n<p class=\"\" data-start=\"722\" data-end=\"925\"><strong data-start=\"722\" data-end=\"744\">Plan personalizado:<\/strong> Tras recibir tu solicitud, Mariola, nuestra chef, se pondr\u00e1 directamente en contacto contigo para discutir todos los detalles. Juntos, crearemos el taller perfecto adaptado a tus necesidades.<\/p>\n<\/li>\n<li class=\"\" data-start=\"927\" data-end=\"1103\">\n<p class=\"\" data-start=\"930\" data-end=\"1103\"><strong data-start=\"930\" data-end=\"954\">Horario flexible:<\/strong> Acordaremos la mejor fecha y hora para tu grupo, ya sea para un evento especial, una actividad de formaci\u00f3n de equipos o simplemente un d\u00eda divertido con tus seres queridos.<\/p>\n<\/li>\n<li class=\"\" data-start=\"1105\" data-end=\"1249\">\n<p class=\"\" data-start=\"1108\" data-end=\"1249\"><strong data-start=\"1108\" data-end=\"1134\">Disfruta de tu experiencia:<\/strong> El d\u00eda del taller, disfrutar\u00e1s de una divertida experiencia culinaria pr\u00e1ctica dise\u00f1ada s\u00f3lo para ti y tu grupo.<\/p>\n<\/li>\n<\/ol>\n<p class=\"\" data-start=\"1251\" data-end=\"1271\"><strong data-start=\"1251\" data-end=\"1271\">Detalles de la reserva:<\/strong><\/p>\n<ul data-start=\"1273\" data-end=\"1440\">\n<li class=\"\" data-start=\"1273\" data-end=\"1311\">\n<p class=\"\" data-start=\"1275\" data-end=\"1311\">Disponible para grupos de 6 a 12 personas.<\/p>\n<\/li>\n<li class=\"\" data-start=\"1312\" data-end=\"1382\">\n<p class=\"\" data-start=\"1314\" data-end=\"1382\">Ideal para eventos privados, celebraciones o actividades de formaci\u00f3n de equipos.<\/p>\n<\/li>\n<li class=\"\" data-start=\"1383\" data-end=\"1440\">\n<p class=\"\" data-start=\"1385\" data-end=\"1440\">Men\u00fa y detalles del taller adaptados a tus preferencias.<\/p>\n<\/li>\n<\/ul>\n<p class=\"\" data-start=\"1442\" data-end=\"1666\"><strong data-start=\"1442\" data-end=\"1477\">No se requiere ning\u00fan pago por adelantado.<\/strong> Una vez que recibamos tu solicitud, Mariola se pondr\u00e1 en contacto contigo para discutir todos los detalles, incluidos los precios en funci\u00f3n del tama\u00f1o del grupo y los requisitos espec\u00edficos. Te enviaremos un presupuesto personalizado.<\/p>\n<p class=\"\" data-start=\"1668\" data-end=\"1739\"><strong data-start=\"1668\" data-end=\"1739\">\u00a1Ponte en contacto con nosotros ahora para empezar a planificar tu experiencia culinaria exclusiva!<\/strong><\/p>\n","protected":false},"excerpt":{"rendered":"<p>Dise\u00f1a tu propia experiencia culinaria Precio: A cotizar (No se requiere pago por adelantado) \u00bfQuieres una experiencia culinaria personalizada para tu familia, amigos o colegas? Nuestro Taller de Cocina Personalizado te permite dise\u00f1ar una sesi\u00f3n culinaria \u00fanica a la medida de tu grupo. Elige el tema, selecciona el men\u00fa, \u00a1y deja que nosotros nos encarguemos [&hellip;]<\/p>\n","protected":false},"featured_media":4044,"comment_status":"closed","ping_status":"closed","template":"","meta":[],"product_brand":[],"product_cat":[89],"product_tag":[],"class_list":{"0":"post-4042","1":"product","2":"type-product","3":"status-publish","4":"has-post-thumbnail","6":"product_cat-cursos-de-cocina-marbella","8":"first","9":"instock","10":"purchasable","11":"product-type-simple"},"yoast_head":"<!-- This site is optimized with the Yoast SEO plugin v27.5 - https:\/\/yoast.com\/product\/yoast-seo-wordpress\/ -->\n<title>Taller de cocina a medida - FOOD ROOM<\/title>\n<meta name=\"robots\" content=\"index, follow, max-snippet:-1, max-image-preview:large, max-video-preview:-1\" \/>\n<link rel=\"canonical\" href=\"https:\/\/www.foodroom.es\/es\/producto\/taller-de-cocina-a-medida\/\" \/>\n<meta property=\"og:locale\" content=\"es_ES\" \/>\n<meta property=\"og:type\" content=\"article\" \/>\n<meta property=\"og:title\" content=\"Taller de cocina a medida - FOOD ROOM\" \/>\n<meta property=\"og:description\" content=\"Dise\u00f1a tu propia experiencia culinaria Precio: A cotizar (No se requiere pago por adelantado) \u00bfQuieres una experiencia culinaria personalizada para tu familia, amigos o colegas? Nuestro Taller de Cocina Personalizado te permite dise\u00f1ar una sesi\u00f3n culinaria \u00fanica a la medida de tu grupo. Elige el tema, selecciona el men\u00fa, \u00a1y deja que nosotros nos encarguemos [&hellip;]\" \/>\n<meta property=\"og:url\" content=\"https:\/\/www.foodroom.es\/es\/producto\/taller-de-cocina-a-medida\/\" \/>\n<meta property=\"og:site_name\" content=\"FOOD ROOM\" \/>\n<meta property=\"article:modified_time\" content=\"2025-04-24T16:34:42+00:00\" \/>\n<meta property=\"og:image\" content=\"https:\/\/www.foodroom.es\/wp-content\/uploads\/2025\/04\/CUSTOM-COOKING-WORKSHOP-1.jpg\" \/>\n\t<meta property=\"og:image:width\" content=\"1080\" \/>\n\t<meta property=\"og:image:height\" content=\"1080\" \/>\n\t<meta property=\"og:image:type\" content=\"image\/jpeg\" \/>\n<meta name=\"twitter:card\" content=\"summary_large_image\" \/>\n<meta name=\"twitter:label1\" content=\"Tiempo de lectura\" \/>\n\t<meta name=\"twitter:data1\" content=\"2 minutos\" \/>\n<script type=\"application\/ld+json\" class=\"yoast-schema-graph\">{\"@context\":\"https:\\\/\\\/schema.org\",\"@graph\":[{\"@type\":[\"WebPage\",\"ItemPage\"],\"@id\":\"https:\\\/\\\/www.foodroom.es\\\/es\\\/producto\\\/taller-de-cocina-a-medida\\\/\",\"url\":\"https:\\\/\\\/www.foodroom.es\\\/es\\\/producto\\\/taller-de-cocina-a-medida\\\/\",\"name\":\"Taller de cocina a medida - FOOD ROOM\",\"isPartOf\":{\"@id\":\"https:\\\/\\\/www.foodroom.es\\\/es\\\/#website\"},\"primaryImageOfPage\":{\"@id\":\"https:\\\/\\\/www.foodroom.es\\\/es\\\/producto\\\/taller-de-cocina-a-medida\\\/#primaryimage\"},\"image\":{\"@id\":\"https:\\\/\\\/www.foodroom.es\\\/es\\\/producto\\\/taller-de-cocina-a-medida\\\/#primaryimage\"},\"thumbnailUrl\":\"https:\\\/\\\/www.foodroom.es\\\/wp-content\\\/uploads\\\/2025\\\/04\\\/CUSTOM-COOKING-WORKSHOP-1.jpg\",\"datePublished\":\"2025-04-24T16:29:02+00:00\",\"dateModified\":\"2025-04-24T16:34:42+00:00\",\"breadcrumb\":{\"@id\":\"https:\\\/\\\/www.foodroom.es\\\/es\\\/producto\\\/taller-de-cocina-a-medida\\\/#breadcrumb\"},\"inLanguage\":\"es\",\"potentialAction\":[{\"@type\":\"ReadAction\",\"target\":[\"https:\\\/\\\/www.foodroom.es\\\/es\\\/producto\\\/taller-de-cocina-a-medida\\\/\"]}]},{\"@type\":\"ImageObject\",\"inLanguage\":\"es\",\"@id\":\"https:\\\/\\\/www.foodroom.es\\\/es\\\/producto\\\/taller-de-cocina-a-medida\\\/#primaryimage\",\"url\":\"https:\\\/\\\/www.foodroom.es\\\/wp-content\\\/uploads\\\/2025\\\/04\\\/CUSTOM-COOKING-WORKSHOP-1.jpg\",\"contentUrl\":\"https:\\\/\\\/www.foodroom.es\\\/wp-content\\\/uploads\\\/2025\\\/04\\\/CUSTOM-COOKING-WORKSHOP-1.jpg\",\"width\":1080,\"height\":1080},{\"@type\":\"BreadcrumbList\",\"@id\":\"https:\\\/\\\/www.foodroom.es\\\/es\\\/producto\\\/taller-de-cocina-a-medida\\\/#breadcrumb\",\"itemListElement\":[{\"@type\":\"ListItem\",\"position\":1,\"name\":\"Home\",\"item\":\"https:\\\/\\\/www.foodroom.es\\\/es\\\/\"},{\"@type\":\"ListItem\",\"position\":2,\"name\":\"Tienda\",\"item\":\"https:\\\/\\\/www.foodroom.es\\\/es\\\/tienda\\\/\"},{\"@type\":\"ListItem\",\"position\":3,\"name\":\"Taller de cocina a medida\"}]},{\"@type\":\"WebSite\",\"@id\":\"https:\\\/\\\/www.foodroom.es\\\/es\\\/#website\",\"url\":\"https:\\\/\\\/www.foodroom.es\\\/es\\\/\",\"name\":\"FOOD ROOM\",\"description\":\"Private and Corporate Catering Services, Private Chef and Cooking Workshops in Marbella\",\"publisher\":{\"@id\":\"https:\\\/\\\/www.foodroom.es\\\/es\\\/#organization\"},\"potentialAction\":[{\"@type\":\"SearchAction\",\"target\":{\"@type\":\"EntryPoint\",\"urlTemplate\":\"https:\\\/\\\/www.foodroom.es\\\/es\\\/?s={search_term_string}\"},\"query-input\":{\"@type\":\"PropertyValueSpecification\",\"valueRequired\":true,\"valueName\":\"search_term_string\"}}],\"inLanguage\":\"es\"},{\"@type\":\"Organization\",\"@id\":\"https:\\\/\\\/www.foodroom.es\\\/es\\\/#organization\",\"name\":\"FOOD ROOM\",\"url\":\"https:\\\/\\\/www.foodroom.es\\\/es\\\/\",\"logo\":{\"@type\":\"ImageObject\",\"inLanguage\":\"es\",\"@id\":\"https:\\\/\\\/www.foodroom.es\\\/es\\\/#\\\/schema\\\/logo\\\/image\\\/\",\"url\":\"https:\\\/\\\/www.foodroom.es\\\/wp-content\\\/uploads\\\/2023\\\/10\\\/FoodRoom-1.png\",\"contentUrl\":\"https:\\\/\\\/www.foodroom.es\\\/wp-content\\\/uploads\\\/2023\\\/10\\\/FoodRoom-1.png\",\"width\":922,\"height\":476,\"caption\":\"FOOD ROOM\"},\"image\":{\"@id\":\"https:\\\/\\\/www.foodroom.es\\\/es\\\/#\\\/schema\\\/logo\\\/image\\\/\"}}]}<\/script>\n<!-- \/ Yoast SEO plugin. -->","yoast_head_json":{"title":"Taller de cocina a medida - FOOD ROOM","robots":{"index":"index","follow":"follow","max-snippet":"max-snippet:-1","max-image-preview":"max-image-preview:large","max-video-preview":"max-video-preview:-1"},"canonical":"https:\/\/www.foodroom.es\/es\/producto\/taller-de-cocina-a-medida\/","og_locale":"es_ES","og_type":"article","og_title":"Taller de cocina a medida - FOOD ROOM","og_description":"Dise\u00f1a tu propia experiencia culinaria Precio: A cotizar (No se requiere pago por adelantado) \u00bfQuieres una experiencia culinaria personalizada para tu familia, amigos o colegas? Nuestro Taller de Cocina Personalizado te permite dise\u00f1ar una sesi\u00f3n culinaria \u00fanica a la medida de tu grupo. Elige el tema, selecciona el men\u00fa, \u00a1y deja que nosotros nos encarguemos [&hellip;]","og_url":"https:\/\/www.foodroom.es\/es\/producto\/taller-de-cocina-a-medida\/","og_site_name":"FOOD ROOM","article_modified_time":"2025-04-24T16:34:42+00:00","og_image":[{"width":1080,"height":1080,"url":"https:\/\/www.foodroom.es\/wp-content\/uploads\/2025\/04\/CUSTOM-COOKING-WORKSHOP-1.jpg","type":"image\/jpeg"}],"twitter_card":"summary_large_image","twitter_misc":{"Tiempo de lectura":"2 minutos"},"schema":{"@context":"https:\/\/schema.org","@graph":[{"@type":["WebPage","ItemPage"],"@id":"https:\/\/www.foodroom.es\/es\/producto\/taller-de-cocina-a-medida\/","url":"https:\/\/www.foodroom.es\/es\/producto\/taller-de-cocina-a-medida\/","name":"Taller de cocina a medida - FOOD ROOM","isPartOf":{"@id":"https:\/\/www.foodroom.es\/es\/#website"},"primaryImageOfPage":{"@id":"https:\/\/www.foodroom.es\/es\/producto\/taller-de-cocina-a-medida\/#primaryimage"},"image":{"@id":"https:\/\/www.foodroom.es\/es\/producto\/taller-de-cocina-a-medida\/#primaryimage"},"thumbnailUrl":"https:\/\/www.foodroom.es\/wp-content\/uploads\/2025\/04\/CUSTOM-COOKING-WORKSHOP-1.jpg","datePublished":"2025-04-24T16:29:02+00:00","dateModified":"2025-04-24T16:34:42+00:00","breadcrumb":{"@id":"https:\/\/www.foodroom.es\/es\/producto\/taller-de-cocina-a-medida\/#breadcrumb"},"inLanguage":"es","potentialAction":[{"@type":"ReadAction","target":["https:\/\/www.foodroom.es\/es\/producto\/taller-de-cocina-a-medida\/"]}]},{"@type":"ImageObject","inLanguage":"es","@id":"https:\/\/www.foodroom.es\/es\/producto\/taller-de-cocina-a-medida\/#primaryimage","url":"https:\/\/www.foodroom.es\/wp-content\/uploads\/2025\/04\/CUSTOM-COOKING-WORKSHOP-1.jpg","contentUrl":"https:\/\/www.foodroom.es\/wp-content\/uploads\/2025\/04\/CUSTOM-COOKING-WORKSHOP-1.jpg","width":1080,"height":1080},{"@type":"BreadcrumbList","@id":"https:\/\/www.foodroom.es\/es\/producto\/taller-de-cocina-a-medida\/#breadcrumb","itemListElement":[{"@type":"ListItem","position":1,"name":"Home","item":"https:\/\/www.foodroom.es\/es\/"},{"@type":"ListItem","position":2,"name":"Tienda","item":"https:\/\/www.foodroom.es\/es\/tienda\/"},{"@type":"ListItem","position":3,"name":"Taller de cocina a medida"}]},{"@type":"WebSite","@id":"https:\/\/www.foodroom.es\/es\/#website","url":"https:\/\/www.foodroom.es\/es\/","name":"FOOD ROOM","description":"Private and Corporate Catering Services, Private Chef and Cooking Workshops in Marbella","publisher":{"@id":"https:\/\/www.foodroom.es\/es\/#organization"},"potentialAction":[{"@type":"SearchAction","target":{"@type":"EntryPoint","urlTemplate":"https:\/\/www.foodroom.es\/es\/?s={search_term_string}"},"query-input":{"@type":"PropertyValueSpecification","valueRequired":true,"valueName":"search_term_string"}}],"inLanguage":"es"},{"@type":"Organization","@id":"https:\/\/www.foodroom.es\/es\/#organization","name":"FOOD ROOM","url":"https:\/\/www.foodroom.es\/es\/","logo":{"@type":"ImageObject","inLanguage":"es","@id":"https:\/\/www.foodroom.es\/es\/#\/schema\/logo\/image\/","url":"https:\/\/www.foodroom.es\/wp-content\/uploads\/2023\/10\/FoodRoom-1.png","contentUrl":"https:\/\/www.foodroom.es\/wp-content\/uploads\/2023\/10\/FoodRoom-1.png","width":922,"height":476,"caption":"FOOD ROOM"},"image":{"@id":"https:\/\/www.foodroom.es\/es\/#\/schema\/logo\/image\/"}}]}},"jetpack_sharing_enabled":true,"_links":{"self":[{"href":"https:\/\/www.foodroom.es\/es\/wp-json\/wp\/v2\/product\/4042","targetHints":{"allow":["GET"]}}],"collection":[{"href":"https:\/\/www.foodroom.es\/es\/wp-json\/wp\/v2\/product"}],"about":[{"href":"https:\/\/www.foodroom.es\/es\/wp-json\/wp\/v2\/types\/product"}],"replies":[{"embeddable":true,"href":"https:\/\/www.foodroom.es\/es\/wp-json\/wp\/v2\/comments?post=4042"}],"wp:featuredmedia":[{"embeddable":true,"href":"https:\/\/www.foodroom.es\/es\/wp-json\/wp\/v2\/media\/4044"}],"wp:attachment":[{"href":"https:\/\/www.foodroom.es\/es\/wp-json\/wp\/v2\/media?parent=4042"}],"wp:term":[{"taxonomy":"product_brand","embeddable":true,"href":"https:\/\/www.foodroom.es\/es\/wp-json\/wp\/v2\/product_brand?post=4042"},{"taxonomy":"product_cat","embeddable":true,"href":"https:\/\/www.foodroom.es\/es\/wp-json\/wp\/v2\/product_cat?post=4042"},{"taxonomy":"product_tag","embeddable":true,"href":"https:\/\/www.foodroom.es\/es\/wp-json\/wp\/v2\/product_tag?post=4042"}],"curies":[{"name":"wp","href":"https:\/\/api.w.org\/{rel}","templated":true}]}}